{"id":20,"date":"2014-11-05T12:56:09","date_gmt":"2014-11-05T15:56:09","guid":{"rendered":"https:\/\/stabz.com\/?page_id=20"},"modified":"2016-11-08T15:43:15","modified_gmt":"2016-11-08T18:43:15","slug":"trufas-de-chocolate","status":"publish","type":"page","link":"https:\/\/stabz.com\/fr\/trufas-de-chocolate\/","title":{"rendered":"Trufas de Chocolate"},"content":{"rendered":"[vc_row][vc_column width=\u00a0\u00bb1\/1&Prime;]<div style=\"height: 415px\" data-midnight=\"nectar-slider\" class=\"parallax_slider_outer \"><div style=\"height: 415px\"  data-transition=\"fade\" data-overall_style=\"classic\" data-flexible-height=\"true\" data-animate-in-effect=\"none\" data-fullscreen=\"false\" data-button-sizing=\"regular\" data-button-styling=\"btn_with_count\" data-autorotate=\"\" data-parallax=\"true\" data-full-width=\"true\" class=\"nectar-slider-wrap \" id=\"ns-id-69f45d415ae78\">\r\n\t\t\t<div style=\"height: 415px\" class=\"swiper-container\"  data-tho=\"auto\" data-tco=\"auto\" data-pho=\"auto\" data-pco=\"auto\" data-loop=\"false\" data-height=\"415\" data-min-height=\"250\" data-arrows=\"false\" data-bullets=\"false\" data-bullet_style=\"see_through\" data-desktop-swipe=\"false\" data-settings=\"\">\r\n\t\t\t\t    <div class=\"swiper-wrapper\"><div class=\"swiper-slide\" data-bg-alignment=\"center\" data-color-scheme=\"light\" data-x-pos=\"left\" data-y-pos=\"middle\"> \r\n\t\t\t\t\t\t\t\t<div class=\"image-bg\" style=\"background-image: url(https:\/\/stabz.com\/wp-content\/uploads\/2014\/11\/trufas_encabezado.jpg);\"> &nbsp; <\/div><div class=\"container\">\r\n\t\t\t\t\t\t\t\t\t<div class=\"content\"><p  ><span><img decoding=\"async\" src=\"https:\/\/stabz.com\/wp-content\/uploads\/2014\/11\/trufas_txt.png\" alt=\"\" \/><\/span><\/p><\/div>\r\n\t\t\t\t\t\t\t\t<\/div><!--\/container--><div class=\"video-texture \"> <span class=\"ie-fix\"><\/span> <\/div><\/div><!--\/swiper-slide--><\/div><div class=\"nectar-slider-loading \"> <span class=\"loading-icon \">   <\/span> <\/div> <\/div> \r\n\t\t\t\t\r\n\t\t\t<\/div><\/div>[\/vc_column][\/vc_row][vc_row type=\u00a0\u00bbfull_width_background\u00a0\u00bb bg_position=\u00a0\u00bbleft top\u00a0\u00bb bg_repeat=\u00a0\u00bbno-repeat\u00a0\u00bb bg_color=\u00a0\u00bb#2e2e34&Prime; scene_position=\u00a0\u00bbcenter\u00a0\u00bb text_color=\u00a0\u00bbdark\u00a0\u00bb text_align=\u00a0\u00bbleft\u00a0\u00bb top_padding=\u00a0\u00bb50&Prime; bottom_padding=\u00a0\u00bb25&Prime;][vc_column width=\u00a0\u00bb1\/3&Prime; animation=\u00a0\u00bbnone\u00a0\u00bb column_padding=\u00a0\u00bbno-extra-padding\u00a0\u00bb column_padding_position=\u00a0\u00bball\u00a0\u00bb background_color_opacity=\u00a0\u00bb1&Prime;][vc_column_text]\n<p><img loading=\"lazy\" decoding=\"async\" class=\"size-medium wp-image-234 aligncenter\" src=\"https:\/\/stabz.com\/wp-content\/uploads\/2014\/11\/trufas_img-300x180.png\" alt=\"trufas_img\" width=\"300\" height=\"180\" \/><\/p>\n[\/vc_column_text][\/vc_column][vc_column width=\u00a0\u00bb2\/3&Prime;][vc_column_text]<span style=\"color: #86754d; font-family: Libre Baskerville !important;\"><strong>ICON LIGNE<\/strong><\/span><br \/>\n<span style=\"color: #86754d; font-style: italic; font-family: Libre Baskerville !important;\"><br \/>\nLa gastronomie fran\u00e7aise est synonyme de luxe culinaire et les truffes au chocolat font partie de cette tradition c\u00e9l\u00e8bre. Elles re\u00e7oivent leur nom par leur ressemblance avec le pr\u00e9cieux champignon noir, et m\u00eame si leur origine est disput\u00e9e par deux p\u00e2tissiers fran\u00e7ais, Louis Dufour et Auguste Escoffier, il n\u2019y a pas de doute sur leur sublime saveur.<\/span><br \/>\n<span style=\"color: #86754d; font-style: italic; font-family: Libre Baskerville !important;\"><br \/>\nLes truffes au chocolat sont un morceau de luxure captur\u00e9 dans une petite bouch\u00e9e, et chez <strong>St\u00e4bz<\/strong> nous nous consacrons \u00e0 cr\u00e9er les meilleures truffes pour les amants du chocolat. Elles sont pr\u00e9par\u00e9es \u00e0 partir des plus fines mati\u00e8res premi\u00e8res, suivant l\u2019exclusive recette du fondateur de la compagnie, <strong>Henry Stabholz<\/strong>, une recette unique qui fait affleurer le go\u00fbt simple et \u00e0 la fois complexe du chocolat. De forme arrondie, elles sont une petite montagne au chocolat, saupoudr\u00e9es de cacao en poudre, ajoutant une pinc\u00e9e d\u2019amertume \u00e0 la douceur de son centre de ganache. Les ma\u00eetres patissiers de <strong>St\u00e4bz<\/strong> exp\u00e9riment\u00e8rent avec de diff\u00e9rentes farces pour cette confiserie sophistiqu\u00e9e, obtenant les d\u00e9lices du Cacao, Marc de Champagne, Caramel ou Noisettes. Les <strong>Truffes au Chocolat St\u00e4bz<\/strong> sont une explosion du chocolat le plus pur, des tr\u00e9sors d\u2019une saveur intense qui se d\u00e9veloppe dans la bouche, relevant leurs myst\u00e8res et plaisirs. D\u00e9couvrez le secret enferm\u00e9 dans le coeur de <strong>St\u00e4bz<\/strong>.<\/span><\/p>\n<hr style=\"border: 0; border-top: 1px solid #86754d; height: 0; margin-top: -10px; margin-bottom: 0;\" \/>\n<p><span style=\"color: #86754d;\"><br \/>\n<strong>PR\u00c9SENTATION:<\/strong> Comprim\u00e9s 100g<br \/>\n<strong>SAVEURS:<\/strong> Hazelnuts, Swiss Milk, Crispy, 72% cocoa.<br \/>\n<\/span>[\/vc_column_text][\/vc_column][\/vc_row][vc_row type=\u00a0\u00bbfull_width_background\u00a0\u00bb bg_position=\u00a0\u00bbleft top\u00a0\u00bb bg_repeat=\u00a0\u00bbno-repeat\u00a0\u00bb bg_color=\u00a0\u00bb#2e2e34&Prime; scene_position=\u00a0\u00bbcenter\u00a0\u00bb text_color=\u00a0\u00bbdark\u00a0\u00bb text_align=\u00a0\u00bbleft\u00a0\u00bb top_padding=\u00a0\u00bb0&Prime; bottom_padding=\u00a0\u00bb50&Prime;][vc_column width=\u00a0\u00bb1\/1&Prime; animation=\u00a0\u00bbnone\u00a0\u00bb column_padding=\u00a0\u00bbno-extra-padding\u00a0\u00bb column_padding_position=\u00a0\u00bball\u00a0\u00bb background_color_opacity=\u00a0\u00bb1&Prime;][vc_column_text]\n<hr style=\"border: 0; border-top: 1px solid #86754d; height: 0;\" \/>\n<p><span style=\"color: #86754d; font-family: Libre Baskerville !important;\"><strong>MIRA NUESTROS PRODUCTOS<\/strong><\/span>[\/vc_column_text][vc_row_inner][vc_column_inner width=\u00a0\u00bb1\/3&Prime; animation=\u00a0\u00bbfade-in\u00a0\u00bb column_padding=\u00a0\u00bbno-extra-padding\u00a0\u00bb column_padding_position=\u00a0\u00bball\u00a0\u00bb][vc_column_text]<a href=\"https:\/\/stabz.com\/dulce-de-leche\/\"><img loading=\"lazy\" decoding=\"async\" class=\"size-full wp-image-266 aligncenter\" src=\"https:\/\/stabz.com\/wp-content\/uploads\/2014\/11\/dulcedeleche_banner.jpg\" alt=\"dulcedeleche_banner\" width=\"600\" height=\"414\" \/><\/a><\/p>\n<h3 style=\"color: #86754d; margin-top: -10px; margin-bottom: 0px;\"><strong>ARGENTINA<\/strong><\/h3>\n<p><span style=\"color: #86754d;\">El secreto del Dulce Argentino<\/span><\/p>\n<hr style=\"border: 0; border-top: 1px solid #86754d; height: 0; margin-top: -10px; margin-bottom: 15px;\" \/>\n<p><span style=\"color: #86754d; font-style: italic; font-family: Libre Baskerville !important;\">Encontramos el secreto de una de las grandes tradiciones argentinas. Un sabor puro en medio de las llanuras pampeanas.<\/span><\/p>\n<hr style=\"border: 0; border-top: 1px solid #86754d; height: 0; margin-top: -10px;\" \/>\n[\/vc_column_text][\/vc_column_inner][vc_column_inner width=\u00a0\u00bb1\/3&Prime; animation=\u00a0\u00bbnone\u00a0\u00bb column_padding=\u00a0\u00bbno-extra-padding\u00a0\u00bb column_padding_position=\u00a0\u00bball\u00a0\u00bb][vc_column_text]<a href=\"https:\/\/stabz.com\/trufas\/\"><img loading=\"lazy\" decoding=\"async\" class=\"size-full wp-image-267 aligncenter\" src=\"https:\/\/stabz.com\/wp-content\/uploads\/2014\/11\/trufas_banner.jpg\" alt=\"trufas_banner\" width=\"600\" height=\"414\" \/><\/a><\/p>\n<h3 style=\"color: #86754d; margin-top: -10px; margin-bottom: 0px;\"><strong>FRANCIA<\/strong><\/h3>\n<p><span style=\"color: #86754d;\">La delicia de las trufas Francesas<\/span><\/p>\n<hr style=\"border: 0; border-top: 1px solid #86754d; height: 0; margin-top: -10px; margin-bottom: 15px;\" \/>\n<p><span style=\"color: #86754d; font-style: italic; font-family: Libre Baskerville !important;\">La calidad y exquisitez de Francia est\u00e1n en cada trufa, que nos invita a un recorrido por su historia y sus secretos m\u00e1s profundos.<\/span><\/p>\n<hr style=\"border: 0; border-top: 1px solid #86754d; height: 0; margin-top: -10px;\" \/>\n[\/vc_column_text][\/vc_column_inner][vc_column_inner width=\u00a0\u00bb1\/3&Prime; animation=\u00a0\u00bbnone\u00a0\u00bb column_padding=\u00a0\u00bbno-extra-padding\u00a0\u00bb column_padding_position=\u00a0\u00bball\u00a0\u00bb][vc_column_text]<a href=\"https:\/\/stabz.com\/chocolate\/\"><img loading=\"lazy\" decoding=\"async\" class=\"size-full wp-image-268 aligncenter\" src=\"https:\/\/stabz.com\/wp-content\/uploads\/2014\/11\/chocolate_banner.jpg\" alt=\"chocolate_banner\" width=\"600\" height=\"414\" \/><\/a><\/p>\n<h3 style=\"color: #86754d; margin-top: -10px; margin-bottom: 0px;\"><strong>SUIZA<\/strong><\/h3>\n<p><span style=\"color: #86754d;\">La perfecci\u00f3n del Chocolote Suizo<\/span><\/p>\n<hr style=\"border: 0; border-top: 1px solid #86754d; height: 0; margin-top: -10px; margin-bottom: 15px;\" \/>\n<p><span style=\"color: #86754d; font-style: italic; font-family: Libre Baskerville !important;\">La perfecci\u00f3n de la cultura Suiza y la b\u00fasqueda de un sabor inigualable nos llevaron a un chocolate sublime.<\/span><\/p>\n<hr style=\"border: 0; border-top: 1px solid #86754d; height: 0; margin-top: -10px;\" \/>\n[\/vc_column_text][\/vc_column_inner][\/vc_row_inner][\/vc_column][\/vc_row]","protected":false},"excerpt":{"rendered":"<p>[vc_row][vc_column width=\u00a0\u00bb1\/1&Prime;][\/vc_column][\/vc_row][vc_row type=\u00a0\u00bbfull_width_background\u00a0\u00bb bg_position=\u00a0\u00bbleft top\u00a0\u00bb bg_repeat=\u00a0\u00bbno-repeat\u00a0\u00bb bg_color=\u00a0\u00bb#2e2e34&Prime; scene_position=\u00a0\u00bbcenter\u00a0\u00bb text_color=\u00a0\u00bbdark\u00a0\u00bb text_align=\u00a0\u00bbleft\u00a0\u00bb top_padding=\u00a0\u00bb50&Prime; bottom_padding=\u00a0\u00bb25&Prime;][vc_column width=\u00a0\u00bb1\/3&Prime; animation=\u00a0\u00bbnone\u00a0\u00bb column_padding=\u00a0\u00bbno-extra-padding\u00a0\u00bb column_padding_position=\u00a0\u00bball\u00a0\u00bb background_color_opacity=\u00a0\u00bb1&Prime;][vc_column_text] [\/vc_column_text][\/vc_column][vc_column width=\u00a0\u00bb2\/3&Prime;][vc_column_text]ICON LIGNE La gastronomie fran\u00e7aise est synonyme de luxe culinaire et les&#8230;<\/p>\n","protected":false},"author":1,"featured_media":0,"parent":0,"menu_order":0,"comment_status":"open","ping_status":"closed","template":"","meta":{"footnotes":""},"class_list":["post-20","page","type-page","status-publish","hentry"],"_links":{"self":[{"href":"https:\/\/stabz.com\/fr\/wp-json\/wp\/v2\/pages\/20","targetHints":{"allow":["GET"]}}],"collection":[{"href":"https:\/\/stabz.com\/fr\/wp-json\/wp\/v2\/pages"}],"about":[{"href":"https:\/\/stabz.com\/fr\/wp-json\/wp\/v2\/types\/page"}],"author":[{"embeddable":true,"href":"https:\/\/stabz.com\/fr\/wp-json\/wp\/v2\/users\/1"}],"replies":[{"embeddable":true,"href":"https:\/\/stabz.com\/fr\/wp-json\/wp\/v2\/comments?post=20"}],"version-history":[{"count":0,"href":"https:\/\/stabz.com\/fr\/wp-json\/wp\/v2\/pages\/20\/revisions"}],"wp:attachment":[{"href":"https:\/\/stabz.com\/fr\/wp-json\/wp\/v2\/media?parent=20"}],"curies":[{"name":"wp","href":"https:\/\/api.w.org\/{rel}","templated":true}]}}