{"id":12,"date":"2014-11-05T12:55:15","date_gmt":"2014-11-05T15:55:15","guid":{"rendered":"https:\/\/stabz.com\/?page_id=12"},"modified":"2015-10-01T12:24:51","modified_gmt":"2015-10-01T15:24:51","slug":"chocolate","status":"publish","type":"page","link":"https:\/\/stabz.com\/fr\/chocolate\/","title":{"rendered":"Chocolate"},"content":{"rendered":"[vc_row][vc_column width=\u00a0\u00bb1\/1&Prime;]<div style=\"height: 415px\" data-midnight=\"nectar-slider\" class=\"parallax_slider_outer \"><div style=\"height: 415px\"  data-transition=\"fade\" data-overall_style=\"classic\" data-flexible-height=\"true\" data-animate-in-effect=\"none\" data-fullscreen=\"false\" data-button-sizing=\"regular\" data-button-styling=\"btn_with_count\" data-autorotate=\"\" data-parallax=\"true\" data-full-width=\"true\" class=\"nectar-slider-wrap \" id=\"ns-id-69ef80d445e48\">\r\n\t\t\t<div style=\"height: 415px\" class=\"swiper-container\"  data-tho=\"auto\" data-tco=\"auto\" data-pho=\"auto\" data-pco=\"auto\" data-loop=\"false\" data-height=\"415\" data-min-height=\"250\" data-arrows=\"false\" data-bullets=\"false\" data-bullet_style=\"see_through\" data-desktop-swipe=\"false\" data-settings=\"\">\r\n\t\t\t\t    <div class=\"swiper-wrapper\"><div class=\"swiper-slide\" data-bg-alignment=\"center\" data-color-scheme=\"light\" data-x-pos=\"left\" data-y-pos=\"middle\"> \r\n\t\t\t\t\t\t\t\t<div class=\"image-bg\" style=\"background-image: url(https:\/\/stabz.com\/wp-content\/uploads\/2014\/11\/chocolate_encabezado.jpg);\"> &nbsp; <\/div><div class=\"container\">\r\n\t\t\t\t\t\t\t\t\t<div class=\"content\"><p  ><span><img decoding=\"async\" src=\"https:\/\/stabz.com\/wp-content\/uploads\/2014\/11\/chocolate_txt.png\" alt=\"\" \/><\/span><\/p><\/div>\r\n\t\t\t\t\t\t\t\t<\/div><!--\/container--><div class=\"video-texture \"> <span class=\"ie-fix\"><\/span> <\/div><\/div><!--\/swiper-slide--><\/div><div class=\"nectar-slider-loading \"> <span class=\"loading-icon \">   <\/span> <\/div> <\/div> \r\n\t\t\t\t\r\n\t\t\t<\/div><\/div>[\/vc_column][\/vc_row][vc_row type=\u00a0\u00bbfull_width_background\u00a0\u00bb bg_position=\u00a0\u00bbleft top\u00a0\u00bb bg_repeat=\u00a0\u00bbno-repeat\u00a0\u00bb bg_color=\u00a0\u00bb#86754d\u00a0\u00bb scene_position=\u00a0\u00bbcenter\u00a0\u00bb text_color=\u00a0\u00bbdark\u00a0\u00bb text_align=\u00a0\u00bbleft\u00a0\u00bb top_padding=\u00a0\u00bb50&Prime; bottom_padding=\u00a0\u00bb25&Prime;][vc_column width=\u00a0\u00bb1\/2&Prime; animation=\u00a0\u00bbnone\u00a0\u00bb column_padding=\u00a0\u00bbno-extra-padding\u00a0\u00bb column_padding_position=\u00a0\u00bball\u00a0\u00bb background_color_opacity=\u00a0\u00bb1&Prime;][vc_column_text]\n<div class=\"lshowcase-clear-both\">&nbsp;<\/div><div class=\"lshowcase-logos\"><div style='display:none;' class='lshowcase-wrap-carousel-2' ><div class=\"lshowcase-slide\"><img src='https:\/\/stabz.com\/wp-content\/uploads\/2014\/11\/chocolate_slide1.png' width='520'  height = '320'  alt='' title='Chocolate1' class='lshowcase-normal' \/><\/div><div class=\"lshowcase-slide\"><img src='https:\/\/stabz.com\/wp-content\/uploads\/2014\/11\/chocolate_slide2.png' width='520'  height = '320'  alt='' title='Chocolate2' class='lshowcase-normal' \/><\/div><\/div><\/div><div class=\"lshowcase-clear-both\">&nbsp;<\/div>\n[\/vc_column_text][\/vc_column][vc_column width=\u00a0\u00bb1\/2&Prime;][vc_column_text]<span style=\"color: #2e2e34; font-family: Libre Baskerville !important;\"><strong>LINE PREMIUM<\/strong><\/span><br \/>\n<span style=\"color: #2e2e34; font-style: italic; font-family: Libre Baskerville !important;\"><br \/>\nUn morceau de chocolat enferme un monde de l\u00e9gendes, histoire et magie. Les Mayas furent la premi\u00e8re civilisation \u00e0 utiliser les grains de cacao pour \u00e9laborer xocolatl, un breuvage rouge\u00e2tre et amer, \u00e9pic\u00e9 et piquant. Consid\u00e9r\u00e9 comme un cadeau du dieu Kukulk\u00e1n, son emploi \u00e9tait r\u00e9serv\u00e9 aux classes les plus \u00e9lev\u00e9es pour les c\u00e9l\u00e9brations de rituels religieux. On croyait que cet aliment stimulant apportait de la sagesse et de la vigueur, il assouvissait la faim et la soif, et il poss\u00e9dait des vertus m\u00e9dicinales et aphrodisiaques. Les Azt\u00e8ques maintinrent cette tradition, \u00e9tant une boisson exclusive des rois et nobles. La l\u00e9gende raconte que Moctezuma, le dernier empereur azt\u00e8que, aimait boire le chocolat dilu\u00e9 dans de l\u2019eau, dans une coupe en or. C\u2019est en Europe, introduit par les espagnols, o\u00f9 le proc\u00e9d\u00e9 du chocolat est raffin\u00e9, et des si\u00e8cles passeront jusqu\u2019\u00e0 ce qu\u2019on obtienne l\u2019exquis chocolat tel que nous le go\u00fbtons de nos jours. Aujourd\u2019hui la science nous confirme ce que les cultures mill\u00e9naires savaient d\u00e9j\u00e0, que cet aliment poss\u00e8de des b\u00e9n\u00e9fices aussi bien pour la sant\u00e9 que pour le coeur et l\u2019\u00e2me. C\u2019est sans aucun doute un cadeau divin qui nous rend heureux depuis des si\u00e8cles.<\/span><br \/>\n<span style=\"color: #2e2e34; font-style: italic; font-family: Libre Baskerville !important;\"><br \/>\nChez <strong>St\u00e4bz<\/strong> le meilleur des mondes s\u2019unit pour cr\u00e9er un chocolat de la plus haute qualit\u00e9 et perfection. Au moyen d\u2019un proc\u00e9d\u00e9 unique, qui fait affleurer les meilleures vertus et saveurs du cacao, <strong>St\u00e4bz<\/strong>, confectionne ses exquises tablettes de chocolat avec les plus fines mati\u00e8res premi\u00e8res, suivant la recette secr\u00e8te de <strong>Henry Stabholz<\/strong>. Des ann\u00e9es de qu\u00eate, de recherche et de passion men\u00e8rent le fondateur de la compagnie \u00e0 r\u00e9ussir un chocolat subtil, p\u00e9n\u00e9trant, complexe. Parfait. Chez <strong>St\u00e4bz<\/strong> nous c\u00e9l\u00e9brons le plaisir et nous honorons les vertus de ce noble aliment. Nous t\u2019invitons \u00e0 d\u00e9couvrir le secret magique contenu dans le coeur de nos chocolats.<\/span><\/p>\n<hr style=\"border: 0; border-top: 1px solid #2e2e34; height: 0; margin-top: -10px; margin-bottom: 0;\" \/>\n<p><span style=\"color: #2e2e34;\"><br \/>\n<strong>PR\u00c9SENTATION:<\/strong> Comprim\u00e9s 100g<br \/>\n<strong>SAVEURS:<\/strong> Avellanas, Leche Suiza, Crocante, 72% puro cacao.<\/span>[\/vc_column_text][\/vc_column][\/vc_row][vc_row type=\u00a0\u00bbfull_width_background\u00a0\u00bb bg_position=\u00a0\u00bbleft top\u00a0\u00bb bg_repeat=\u00a0\u00bbno-repeat\u00a0\u00bb bg_color=\u00a0\u00bb#2e2e34&Prime; scene_position=\u00a0\u00bbcenter\u00a0\u00bb text_color=\u00a0\u00bbdark\u00a0\u00bb text_align=\u00a0\u00bbleft\u00a0\u00bb top_padding=\u00a0\u00bb25&Prime; bottom_padding=\u00a0\u00bb50&Prime;][vc_column width=\u00a0\u00bb1\/1&Prime; animation=\u00a0\u00bbnone\u00a0\u00bb column_padding=\u00a0\u00bbno-extra-padding\u00a0\u00bb column_padding_position=\u00a0\u00bball\u00a0\u00bb background_color_opacity=\u00a0\u00bb1&Prime;][vc_column_text]\n<hr style=\"border: 0; border-top: 1px solid #86754d; height: 0;\" \/>\n<p><span style=\"color: #86754d; font-family: Libre Baskerville !important;\"><strong>MIRA NUESTROS PRODUCTOS<\/strong><\/span>[\/vc_column_text][vc_row_inner][vc_column_inner width=\u00a0\u00bb1\/3&Prime; animation=\u00a0\u00bbfade-in\u00a0\u00bb column_padding=\u00a0\u00bbno-extra-padding\u00a0\u00bb column_padding_position=\u00a0\u00bball\u00a0\u00bb][vc_column_text]<a href=\"https:\/\/stabz.com\/dulce-de-leche\/\"><img loading=\"lazy\" decoding=\"async\" class=\"size-full wp-image-266 aligncenter\" src=\"https:\/\/stabz.com\/wp-content\/uploads\/2014\/11\/dulcedeleche_banner.jpg\" alt=\"dulcedeleche_banner\" width=\"600\" height=\"414\" \/><\/a><\/p>\n<h3 style=\"color: #86754d; margin-top: -10px; margin-bottom: 0px;\"><strong>ARGENTINA<\/strong><\/h3>\n<p><span style=\"color: #86754d;\">El secreto del Dulce Argentino<\/span><\/p>\n<hr style=\"border: 0; border-top: 1px solid #86754d; height: 0; margin-top: -10px; margin-bottom: 15px;\" \/>\n<p><span style=\"color: #86754d; font-style: italic; font-family: Libre Baskerville !important;\">Encontramos el secreto de una de las grandes tradiciones argentinas. Un sabor puro en medio de las llanuras pampeanas.<\/span><\/p>\n<hr style=\"border: 0; border-top: 1px solid #86754d; height: 0; margin-top: -10px;\" \/>\n[\/vc_column_text][\/vc_column_inner][vc_column_inner width=\u00a0\u00bb1\/3&Prime; animation=\u00a0\u00bbnone\u00a0\u00bb column_padding=\u00a0\u00bbno-extra-padding\u00a0\u00bb column_padding_position=\u00a0\u00bball\u00a0\u00bb][vc_column_text]<a href=\"https:\/\/stabz.com\/trufas\/\"><img loading=\"lazy\" decoding=\"async\" class=\"size-full wp-image-267 aligncenter\" src=\"https:\/\/stabz.com\/wp-content\/uploads\/2014\/11\/trufas_banner.jpg\" alt=\"trufas_banner\" width=\"600\" height=\"414\" \/><\/a><\/p>\n<h3 style=\"color: #86754d; margin-top: -10px; margin-bottom: 0px;\"><strong>FRANCIA<\/strong><\/h3>\n<p><span style=\"color: #86754d;\">La delicia de las trufas Francesas<\/span><\/p>\n<hr style=\"border: 0; border-top: 1px solid #86754d; height: 0; margin-top: -10px; margin-bottom: 15px;\" \/>\n<p><span style=\"color: #86754d; font-style: italic; font-family: Libre Baskerville !important;\">La calidad y exquisitez de Francia est\u00e1n en cada trufa, que nos invita a un recorrido por su historia y sus secretos m\u00e1s profundos.<\/span><\/p>\n<hr style=\"border: 0; border-top: 1px solid #86754d; height: 0; margin-top: -10px;\" \/>\n[\/vc_column_text][\/vc_column_inner][vc_column_inner width=\u00a0\u00bb1\/3&Prime; animation=\u00a0\u00bbnone\u00a0\u00bb column_padding=\u00a0\u00bbno-extra-padding\u00a0\u00bb column_padding_position=\u00a0\u00bball\u00a0\u00bb][vc_column_text]<a href=\"https:\/\/stabz.com\/chocolate\/\"><img loading=\"lazy\" decoding=\"async\" class=\"size-full wp-image-268 aligncenter\" src=\"https:\/\/stabz.com\/wp-content\/uploads\/2014\/11\/chocolate_banner.jpg\" alt=\"chocolate_banner\" width=\"600\" height=\"414\" \/><\/a><\/p>\n<h3 style=\"color: #86754d; margin-top: -10px; margin-bottom: 0px;\"><strong>SUIZA<\/strong><\/h3>\n<p><span style=\"color: #86754d;\">La perfecci\u00f3n del Chocolote Suizo<\/span><\/p>\n<hr style=\"border: 0; border-top: 1px solid #86754d; height: 0; margin-top: -10px; margin-bottom: 15px;\" \/>\n<p><span style=\"color: #86754d; font-style: italic; font-family: Libre Baskerville !important;\">La perfecci\u00f3n de la cultura Suiza y la b\u00fasqueda de un sabor inigualable nos llevaron a un chocolate sublime.<\/span><\/p>\n<hr style=\"border: 0; border-top: 1px solid #86754d; height: 0; margin-top: -10px;\" \/>\n[\/vc_column_text][\/vc_column_inner][\/vc_row_inner][\/vc_column][\/vc_row]","protected":false},"excerpt":{"rendered":"<p>[vc_row][vc_column width=\u00a0\u00bb1\/1&Prime;][\/vc_column][\/vc_row][vc_row type=\u00a0\u00bbfull_width_background\u00a0\u00bb bg_position=\u00a0\u00bbleft top\u00a0\u00bb bg_repeat=\u00a0\u00bbno-repeat\u00a0\u00bb bg_color=\u00a0\u00bb#86754d\u00a0\u00bb scene_position=\u00a0\u00bbcenter\u00a0\u00bb text_color=\u00a0\u00bbdark\u00a0\u00bb text_align=\u00a0\u00bbleft\u00a0\u00bb top_padding=\u00a0\u00bb50&Prime; bottom_padding=\u00a0\u00bb25&Prime;][vc_column width=\u00a0\u00bb1\/2&Prime; animation=\u00a0\u00bbnone\u00a0\u00bb column_padding=\u00a0\u00bbno-extra-padding\u00a0\u00bb column_padding_position=\u00a0\u00bball\u00a0\u00bb background_color_opacity=\u00a0\u00bb1&Prime;][vc_column_text] [\/vc_column_text][\/vc_column][vc_column width=\u00a0\u00bb1\/2&Prime;][vc_column_text]LINE PREMIUM Un morceau de chocolat enferme un monde de l\u00e9gendes, histoire&#8230;<\/p>\n","protected":false},"author":1,"featured_media":0,"parent":0,"menu_order":0,"comment_status":"open","ping_status":"open","template":"","meta":{"footnotes":""},"class_list":["post-12","page","type-page","status-publish","hentry"],"_links":{"self":[{"href":"https:\/\/stabz.com\/fr\/wp-json\/wp\/v2\/pages\/12","targetHints":{"allow":["GET"]}}],"collection":[{"href":"https:\/\/stabz.com\/fr\/wp-json\/wp\/v2\/pages"}],"about":[{"href":"https:\/\/stabz.com\/fr\/wp-json\/wp\/v2\/types\/page"}],"author":[{"embeddable":true,"href":"https:\/\/stabz.com\/fr\/wp-json\/wp\/v2\/users\/1"}],"replies":[{"embeddable":true,"href":"https:\/\/stabz.com\/fr\/wp-json\/wp\/v2\/comments?post=12"}],"version-history":[{"count":0,"href":"https:\/\/stabz.com\/fr\/wp-json\/wp\/v2\/pages\/12\/revisions"}],"wp:attachment":[{"href":"https:\/\/stabz.com\/fr\/wp-json\/wp\/v2\/media?parent=12"}],"curies":[{"name":"wp","href":"https:\/\/api.w.org\/{rel}","templated":true}]}}