{"id":20,"date":"2014-11-05T12:56:09","date_gmt":"2014-11-05T15:56:09","guid":{"rendered":"https:\/\/stabz.com\/?page_id=20"},"modified":"2016-11-08T15:43:15","modified_gmt":"2016-11-08T18:43:15","slug":"trufas-de-chocolate","status":"publish","type":"page","link":"https:\/\/stabz.com\/es\/trufas-de-chocolate\/","title":{"rendered":"Trufas de Chocolate"},"content":{"rendered":"[vc_row type=\u00bbin_container\u00bb scene_position=\u00bbcenter\u00bb text_color=\u00bbdark\u00bb text_align=\u00bbleft\u00bb overlay_strength=\u00bb0.3&#8243;][vc_column column_padding=\u00bbno-extra-padding\u00bb column_padding_position=\u00bball\u00bb background_color_opacity=\u00bb1&#8243; background_hover_color_opacity=\u00bb1&#8243; width=\u00bb1\/1&#8243;]<div style=\"height: 415px\" data-midnight=\"nectar-slider\" class=\"parallax_slider_outer \"><div style=\"height: 415px\"  data-transition=\"fade\" data-overall_style=\"classic\" data-flexible-height=\"true\" data-animate-in-effect=\"none\" data-fullscreen=\"false\" data-button-sizing=\"regular\" data-button-styling=\"btn_with_count\" data-autorotate=\"\" data-parallax=\"true\" data-full-width=\"true\" class=\"nectar-slider-wrap \" id=\"ns-id-69ed5077df92a\">\r\n\t\t\t<div style=\"height: 415px\" class=\"swiper-container\"  data-tho=\"auto\" data-tco=\"auto\" data-pho=\"auto\" data-pco=\"auto\" data-loop=\"false\" data-height=\"415\" data-min-height=\"250\" data-arrows=\"false\" data-bullets=\"false\" data-bullet_style=\"see_through\" data-desktop-swipe=\"false\" data-settings=\"\">\r\n\t\t\t\t    <div class=\"swiper-wrapper\"><div class=\"swiper-slide\" data-bg-alignment=\"center\" data-color-scheme=\"light\" data-x-pos=\"left\" data-y-pos=\"middle\"> \r\n\t\t\t\t\t\t\t\t<div class=\"image-bg\" style=\"background-image: url(https:\/\/stabz.com\/wp-content\/uploads\/2014\/11\/trufas_encabezado.jpg);\"> &nbsp; <\/div><div class=\"container\">\r\n\t\t\t\t\t\t\t\t\t<div class=\"content\"><p  ><span><img decoding=\"async\" src=\"https:\/\/stabz.com\/wp-content\/uploads\/2014\/11\/trufas_txt.png\" alt=\"\" \/><\/span><\/p><\/div>\r\n\t\t\t\t\t\t\t\t<\/div><!--\/container--><div class=\"video-texture \"> <span class=\"ie-fix\"><\/span> <\/div><\/div><!--\/swiper-slide--><\/div><div class=\"nectar-slider-loading \"> <span class=\"loading-icon \">   <\/span> <\/div> <\/div> \r\n\t\t\t\t\r\n\t\t\t<\/div><\/div>[\/vc_column][\/vc_row][vc_row type=\u00bbfull_width_background\u00bb bg_color=\u00bb#2e2e34&#8243; scene_position=\u00bbcenter\u00bb text_color=\u00bbdark\u00bb text_align=\u00bbleft\u00bb top_padding=\u00bb50&#8243; bottom_padding=\u00bb25&#8243; overlay_strength=\u00bb0.3&#8243;][vc_column column_padding=\u00bbno-extra-padding\u00bb column_padding_position=\u00bball\u00bb background_color_opacity=\u00bb1&#8243; background_hover_color_opacity=\u00bb1&#8243; width=\u00bb1\/3&#8243;][vc_column_text]\n<p><img loading=\"lazy\" decoding=\"async\" class=\"size-medium wp-image-234 aligncenter\" src=\"https:\/\/stabz.com\/wp-content\/uploads\/2014\/11\/trufas_img-300x180.png\" alt=\"trufas_img\" width=\"300\" height=\"180\" \/><\/p>\n[\/vc_column_text][\/vc_column][vc_column column_padding=\u00bbno-extra-padding\u00bb column_padding_position=\u00bball\u00bb background_color_opacity=\u00bb1&#8243; background_hover_color_opacity=\u00bb1&#8243; width=\u00bb2\/3&#8243;][vc_column_text]<span style=\"color: #86754d; font-family: Libre Baskerville !important;\"><strong>L\u00cdNEA ICON<\/strong><\/span><br \/>\n<span style=\"color: #86754d; font-style: italic; font-family: Libre Baskerville !important;\"><br \/>\nLa gastronom\u00eda francesa es sin\u00f3nimo de lujo culinario y las trufas de chocolate forman parte de esta c\u00e9lebre tradici\u00f3n. Reciben su nombre por su parecido al preciado hongo negro, y aunque su origen es disputado por dos p\u00e2tissiers franceses, Louis Dufour y Auguste Escoffier, no hay duda sobre su sublime sabor.<\/span><br \/>\n<span style=\"color: #86754d; font-style: italic; font-family: Libre Baskerville !important;\"><br \/>\nLas trufas de chocolate son un trozo de lujuria capturado en un peque\u00f1o bocado, y en <strong>St\u00e4bz<\/strong> nos consagramos a crear las mejores trufas para los amantes del chocolate. Son confeccionadas con las m\u00e1s finas materias primas, siguiendo la exclusiva receta del fundador de la compa\u00f1\u00eda, <strong>Henry Stabholz<\/strong>, una receta \u00fanica que hace aflorar el sabor simple y a la vez complejo del chocolate. De forma redondeada, son una peque\u00f1a monta\u00f1a de chocolate, espolvoreada con cacao en polvo, a\u00f1adiendo una pizca de amargor a la dulzura de su centro de ganache. Los maestros reposteros de <strong>St\u00e4bz<\/strong> han experimentado con diferentes rellenos para este sofisticado bomb\u00f3n, obteniendo las delicias de Cacao, Marc de Champagne, Caramelo o Avellanas. Las <strong>Trufas de Chocolate St\u00e4bz<\/strong> son una explosi\u00f3n del m\u00e1s puro chocolate, tesoros de intenso sabor desenvolvi\u00e9ndose en la boca, revelando sus misterios y placeres. Descubra el secreto contenido en el coraz\u00f3n de <strong>St\u00e4bz<\/strong>.<\/span><\/p>\n<hr style=\"border: 0; border-top: 1px solid #86754d; height: 0; margin-top: -10px; margin-bottom: 0;\" \/>\n<p><span style=\"color: #86754d;\"><br \/>\n<strong>PRESENTACI\u00d3N:<\/strong> 100g<br \/>\n<strong>SABORES:<\/strong> Natural, Con avellanas, Con chips de caramelo, Con champagne.<br \/>\n<\/span>[\/vc_column_text][\/vc_column][\/vc_row][vc_row type=\u00bbfull_width_background\u00bb bg_color=\u00bb#2e2e34&#8243; scene_position=\u00bbcenter\u00bb text_color=\u00bbdark\u00bb text_align=\u00bbleft\u00bb top_padding=\u00bb0&#8243; bottom_padding=\u00bb50&#8243; overlay_strength=\u00bb0.3&#8243;][vc_column column_padding=\u00bbno-extra-padding\u00bb column_padding_position=\u00bball\u00bb background_color_opacity=\u00bb1&#8243; background_hover_color_opacity=\u00bb1&#8243; width=\u00bb1\/1&#8243;][vc_column_text]\n<hr style=\"border: 0; border-top: 1px solid #86754d; height: 0;\" \/>\n<p><span style=\"color: #86754d; font-family: Libre Baskerville !important;\"><strong>MIRA NUESTROS PRODUCTOS<\/strong><\/span>[\/vc_column_text][vc_row_inner][vc_column_inner column_padding=\u00bbno-extra-padding\u00bb column_padding_position=\u00bball\u00bb background_color_opacity=\u00bb1&#8243; width=\u00bb1\/3&#8243;][vc_column_text]<a href=\"https:\/\/stabz.com\/dulce-de-leche\/\"><img loading=\"lazy\" decoding=\"async\" class=\"size-full wp-image-266 aligncenter\" src=\"https:\/\/stabz.com\/wp-content\/uploads\/2014\/11\/dulcedeleche_banner.jpg\" alt=\"dulcedeleche_banner\" width=\"600\" height=\"414\" \/><\/a><\/p>\n<h3 style=\"color: #86754d; margin-top: -10px; margin-bottom: 0px;\"><strong>ARGENTINA<\/strong><\/h3>\n<p><span style=\"color: #86754d;\">El secreto del Dulce Argentino<\/span><\/p>\n<hr style=\"border: 0; border-top: 1px solid #86754d; height: 0; margin-top: -10px; margin-bottom: 15px;\" \/>\n<p><span style=\"color: #86754d; font-style: italic; font-family: Libre Baskerville !important;\">Encontramos el secreto de una de las grandes tradiciones argentinas. Un sabor puro en medio de las llanuras pampeanas.<\/span><\/p>\n<hr style=\"border: 0; border-top: 1px solid #86754d; height: 0; margin-top: -10px;\" \/>\n[\/vc_column_text][\/vc_column_inner][vc_column_inner column_padding=\u00bbno-extra-padding\u00bb column_padding_position=\u00bball\u00bb background_color_opacity=\u00bb1&#8243; width=\u00bb1\/3&#8243;][vc_column_text]<a href=\"https:\/\/stabz.com\/trufas\/\"><img loading=\"lazy\" decoding=\"async\" class=\"size-full wp-image-267 aligncenter\" src=\"https:\/\/stabz.com\/wp-content\/uploads\/2014\/11\/trufas_banner.jpg\" alt=\"trufas_banner\" width=\"600\" height=\"414\" \/><\/a><\/p>\n<h3 style=\"color: #86754d; margin-top: -10px; margin-bottom: 0px;\"><strong>FRANCIA<\/strong><\/h3>\n<p><span style=\"color: #86754d;\">La delicia de las trufas Francesas<\/span><\/p>\n<hr style=\"border: 0; border-top: 1px solid #86754d; height: 0; margin-top: -10px; margin-bottom: 15px;\" \/>\n<p><span style=\"color: #86754d; font-style: italic; font-family: Libre Baskerville !important;\">La calidad y exquisitez de Francia est\u00e1n en cada trufa, que nos invita a un recorrido por su historia y sus secretos m\u00e1s profundos.<\/span><\/p>\n<hr style=\"border: 0; border-top: 1px solid #86754d; height: 0; margin-top: -10px;\" \/>\n[\/vc_column_text][\/vc_column_inner][vc_column_inner column_padding=\u00bbno-extra-padding\u00bb column_padding_position=\u00bball\u00bb background_color_opacity=\u00bb1&#8243; width=\u00bb1\/3&#8243;][vc_column_text]<a href=\"https:\/\/stabz.com\/chocolate\/\"><img loading=\"lazy\" decoding=\"async\" class=\"size-full wp-image-268 aligncenter\" src=\"https:\/\/stabz.com\/wp-content\/uploads\/2014\/11\/chocolate_banner.jpg\" alt=\"chocolate_banner\" width=\"600\" height=\"414\" \/><\/a><\/p>\n<h3 style=\"color: #86754d; margin-top: -10px; margin-bottom: 0px;\"><strong>SUIZA<\/strong><\/h3>\n<p><span style=\"color: #86754d;\">La perfecci\u00f3n del Chocolote Suizo<\/span><\/p>\n<hr style=\"border: 0; border-top: 1px solid #86754d; height: 0; margin-top: -10px; margin-bottom: 15px;\" \/>\n<p><span style=\"color: #86754d; font-style: italic; font-family: Libre Baskerville !important;\">La perfecci\u00f3n de la cultura Suiza y la b\u00fasqueda de un sabor inigualable nos llevaron a un chocolate sublime.<\/span><\/p>\n<hr style=\"border: 0; border-top: 1px solid #86754d; height: 0; margin-top: -10px;\" \/>\n[\/vc_column_text][\/vc_column_inner][\/vc_row_inner][\/vc_column][\/vc_row]","protected":false},"excerpt":{"rendered":"<p>[vc_row type=\u00bbin_container\u00bb scene_position=\u00bbcenter\u00bb text_color=\u00bbdark\u00bb text_align=\u00bbleft\u00bb overlay_strength=\u00bb0.3&#8243;][vc_column column_padding=\u00bbno-extra-padding\u00bb column_padding_position=\u00bball\u00bb background_color_opacity=\u00bb1&#8243; background_hover_color_opacity=\u00bb1&#8243; width=\u00bb1\/1&#8243;][\/vc_column][\/vc_row][vc_row type=\u00bbfull_width_background\u00bb bg_color=\u00bb#2e2e34&#8243; scene_position=\u00bbcenter\u00bb text_color=\u00bbdark\u00bb text_align=\u00bbleft\u00bb top_padding=\u00bb50&#8243; bottom_padding=\u00bb25&#8243; overlay_strength=\u00bb0.3&#8243;][vc_column column_padding=\u00bbno-extra-padding\u00bb column_padding_position=\u00bball\u00bb background_color_opacity=\u00bb1&#8243; background_hover_color_opacity=\u00bb1&#8243; width=\u00bb1\/3&#8243;][vc_column_text] [\/vc_column_text][\/vc_column][vc_column column_padding=\u00bbno-extra-padding\u00bb column_padding_position=\u00bball\u00bb background_color_opacity=\u00bb1&#8243; background_hover_color_opacity=\u00bb1&#8243; width=\u00bb2\/3&#8243;][vc_column_text]L\u00cdNEA&#8230;<\/p>\n","protected":false},"author":1,"featured_media":0,"parent":0,"menu_order":0,"comment_status":"open","ping_status":"closed","template":"","meta":{"footnotes":""},"class_list":["post-20","page","type-page","status-publish","hentry"],"_links":{"self":[{"href":"https:\/\/stabz.com\/es\/wp-json\/wp\/v2\/pages\/20","targetHints":{"allow":["GET"]}}],"collection":[{"href":"https:\/\/stabz.com\/es\/wp-json\/wp\/v2\/pages"}],"about":[{"href":"https:\/\/stabz.com\/es\/wp-json\/wp\/v2\/types\/page"}],"author":[{"embeddable":true,"href":"https:\/\/stabz.com\/es\/wp-json\/wp\/v2\/users\/1"}],"replies":[{"embeddable":true,"href":"https:\/\/stabz.com\/es\/wp-json\/wp\/v2\/comments?post=20"}],"version-history":[{"count":0,"href":"https:\/\/stabz.com\/es\/wp-json\/wp\/v2\/pages\/20\/revisions"}],"wp:attachment":[{"href":"https:\/\/stabz.com\/es\/wp-json\/wp\/v2\/media?parent=20"}],"curies":[{"name":"wp","href":"https:\/\/api.w.org\/{rel}","templated":true}]}}