{"id":18,"date":"2014-11-05T12:55:57","date_gmt":"2014-11-05T15:55:57","guid":{"rendered":"https:\/\/stabz.com\/?page_id=18"},"modified":"2017-05-10T11:11:11","modified_gmt":"2017-05-10T14:11:11","slug":"quienes-somos","status":"publish","type":"page","link":"https:\/\/stabz.com\/es\/quienes-somos\/","title":{"rendered":"Qui\u00e9nes Somos"},"content":{"rendered":"[vc_row][vc_column width=\u00bb1\/1&#8243;]<div style=\"height: 415px\" data-midnight=\"nectar-slider\" class=\"parallax_slider_outer \"><div style=\"height: 415px\"  data-transition=\"fade\" data-overall_style=\"classic\" data-flexible-height=\"true\" data-animate-in-effect=\"none\" data-fullscreen=\"false\" data-button-sizing=\"regular\" data-button-styling=\"btn_with_count\" data-autorotate=\"\" data-parallax=\"true\" data-full-width=\"true\" class=\"nectar-slider-wrap \" id=\"ns-id-69ef6a6419027\">\r\n\t\t\t<div style=\"height: 415px\" class=\"swiper-container\"  data-tho=\"auto\" data-tco=\"auto\" data-pho=\"auto\" data-pco=\"auto\" data-loop=\"false\" data-height=\"415\" data-min-height=\"250\" data-arrows=\"false\" data-bullets=\"false\" data-bullet_style=\"see_through\" data-desktop-swipe=\"false\" data-settings=\"\">\r\n\t\t\t\t    <div class=\"swiper-wrapper\"><div class=\"swiper-slide\" data-bg-alignment=\"center\" data-color-scheme=\"light\" data-x-pos=\"left\" data-y-pos=\"middle\"> \r\n\t\t\t\t\t\t\t\t<div class=\"image-bg\" style=\"background-image: url(https:\/\/stabz.com\/wp-content\/uploads\/2014\/11\/historia_encabezado.jpg);\"> &nbsp; <\/div><div class=\"container\">\r\n\t\t\t\t\t\t\t\t\t<div class=\"content\"><p  ><span><img decoding=\"async\" src=\"https:\/\/stabz.com\/wp-content\/uploads\/2014\/11\/historia_txt.png\" alt=\"\" \/><\/span><\/p><\/div>\r\n\t\t\t\t\t\t\t\t<\/div><!--\/container--><div class=\"video-texture \"> <span class=\"ie-fix\"><\/span> <\/div><\/div><!--\/swiper-slide--><\/div><div class=\"nectar-slider-loading \"> <span class=\"loading-icon \">   <\/span> <\/div> <\/div> \r\n\t\t\t\t\r\n\t\t\t<\/div><\/div>[\/vc_column][\/vc_row][vc_row type=\u00bbfull_width_background\u00bb bg_position=\u00bbleft top\u00bb bg_repeat=\u00bbno-repeat\u00bb bg_color=\u00bb#2e2e34&#8243; scene_position=\u00bbcenter\u00bb text_color=\u00bbdark\u00bb text_align=\u00bbleft\u00bb top_padding=\u00bb50&#8243; bottom_padding=\u00bb50&#8243;][vc_column width=\u00bb1\/6&#8243;][vc_column_text]\n[\/vc_column_text][\/vc_column][vc_column width=\u00bb2\/3&#8243;][vc_column_text]\n<h2 style=\"color: #86754d; line-height: 1.2em; font-size: 35px; text-align: center;\">A COMIENZOS DEL SIGLO PASADO, UN JOVEN INTR\u00c9PIDO SE EMBARC\u00d3 EN UNA B\u00daSQUEDA QUE LO LLEVAR\u00cdA A LOS CUATROS RINCONES DEL MUNDO.<\/h2>\n<hr style=\"border: 0; border-top: 1px solid #86754d; height: 0; width: 50%; margin-top: 25px; margin-bottom: 25px;\" \/>\n<p style=\"color: #86754d; text-align: center; font-style: italic;\">Su nombre era <strong>henry st\u00e4bholz<\/strong>. Hab\u00eda nacido en varsovia, polonia, y era licenciado en ciencias econ\u00f3micas, gourmet, mago, y un viajante experto. Era un hombre renacentista que amaba la vida y las aventuras, las diversas culturas con sus idiosincrasias caracter\u00edsticas.<\/p>\n[\/vc_column_text][\/vc_column][vc_column width=\u00bb1\/6&#8243;][vc_column_text]\n[\/vc_column_text][\/vc_column][\/vc_row][vc_row type=\u00bbfull_width_background\u00bb bg_position=\u00bbcenter center\u00bb bg_repeat=\u00bbno-repeat\u00bb scene_position=\u00bbcenter\u00bb text_color=\u00bbdark\u00bb text_align=\u00bbleft\u00bb top_padding=\u00bb100&#8243; bottom_padding=\u00bb100&#8243; bg_image=\u00bb136&#8243; parallax_bg=\u00bbtrue\u00bb][vc_column width=\u00bb1\/6&#8243;][vc_column_text]\n[\/vc_column_text][\/vc_column][vc_column width=\u00bb2\/3&#8243;][vc_column_text]\n<h2 style=\"color: #fff; line-height: 1.2em; font-size: 35px; text-align: center;\">COMO EN UNA BIT\u00c1CORA DE VIAJE, HENRY FUE ANOTANDO, INSCRIBIENDO RECETA TRAS RECETA EN UN LIBRO QUE GUARDABA BAJO LLAVE.<\/h2>\n<hr style=\"border: 0; border-top: 1px solid #fff; height: 0; width: 50%; margin-top: 25px; margin-bottom: 25px;\" \/>\n<p style=\"color: #fff; text-align: center; font-style: italic;\">Estaba convencido de que cada pa\u00eds, cada ciudad, cada cultura pose\u00eda un alma Que emanaba en el arte, en la m\u00fasica, y tambi\u00e9n en su gastronom\u00eda.<\/p>\n[\/vc_column_text][\/vc_column][vc_column width=\u00bb1\/6&#8243;][vc_column_text]\n[\/vc_column_text][\/vc_column][\/vc_row][vc_row type=\u00bbfull_width_background\u00bb bg_position=\u00bbleft top\u00bb bg_repeat=\u00bbno-repeat\u00bb bg_color=\u00bb#cbcbcb\u00bb scene_position=\u00bbcenter\u00bb text_color=\u00bbdark\u00bb text_align=\u00bbcenter\u00bb top_padding=\u00bb50&#8243; bottom_padding=\u00bb50&#8243;][vc_column width=\u00bb1\/6&#8243;][vc_column_text]\n[\/vc_column_text][\/vc_column][vc_column width=\u00bb2\/3&#8243;][vc_column_text]<img loading=\"lazy\" decoding=\"async\" class=\"size-full wp-image-157 aligncenter\" src=\"https:\/\/stabz.com\/wp-content\/uploads\/2014\/11\/qsomos-pluma.png\" alt=\"qsomos-pluma\" width=\"104\" height=\"84\" \/><\/p>\n<h3 style=\"color: #86754d; text-align: center; font-size: 21px; line-height: 1.2em;\">SU AMOR POR LOS BUENOS SABORES LO LLEV\u00d3 A IR M\u00c1S ALL\u00c1 Y DECIDI\u00d3 UNIR SU PASI\u00d3N CON SU GRAN SENTIDO PARA LOS NEGOCIOS, PARA COMPARTIR CON EL MUNDO LO QUE CADA PUEBLO TEN\u00cdA PARA OFRECER.<\/h3>\n<hr style=\"border: 0; border-top: 1px solid #86754d; height: 0; margin-top: 25px; margin-bottom: 25px;\" \/>\n<h3 style=\"color: #86754d; text-align: center; font-size: 21px; line-height: 1.2em;\">SIN EMBARGO EL COMIENZO DE LA SEGUNDA GUERRA MUNDIAL INTERRUMPI\u00d3 EL \u00c9XITO DE SU EMPRESA, Y PARA CUANDOEL CONFLICTO HUBO TERMINADO, HERNY HAB\u00cdA CA\u00cdDO GRAVEMENTE ENFERMO, Y SU LIBRO, OLVIDADO.<\/h3>\n[\/vc_column_text][\/vc_column][vc_column width=\u00bb1\/6&#8243;][vc_column_text]\n[\/vc_column_text][\/vc_column][\/vc_row][vc_row type=\u00bbfull_width_background\u00bb bg_position=\u00bbcenter bottom\u00bb bg_repeat=\u00bbno-repeat\u00bb scene_position=\u00bbcenter\u00bb text_color=\u00bbdark\u00bb text_align=\u00bbcenter\u00bb top_padding=\u00bb100&#8243; bottom_padding=\u00bb100&#8243; bg_image=\u00bb159&#8243;][vc_column width=\u00bb1\/6&#8243;][vc_column_text]\n[\/vc_column_text][\/vc_column][vc_column width=\u00bb2\/3&#8243;][vc_column_text]\n<h3 style=\"color: #86754d; text-align: center; font-size: 21px; line-height: 1.2em;\">COMENZ\u00d3 AS\u00cd UNA EMPRESA A LA QUE BAUTIZ\u00d3 ST\u00c4BZ, QUE LO LLEV\u00d3 A CONTACTAR A LOS MEJORES FABRICANTES DE CADA LUGAR PARA PRODUCIR SUS RECETAS SECRETAS.<\/h3>\n<hr style=\"border: 0; border-top: 1px solid #86754d; height: 0; width: 50%; margin-top: 25px; margin-bottom: 25px;\" \/>\n<p style=\"color: #86754d; text-align: center; font-style: italic;\">Sin embargo el comienzo de la Segunda Guerra mundial interrumpi\u00f3 el \u00e9xito de su empresa, y para cuando el conflicto hubo terminado, Herny hab\u00eda ca\u00eddo gravemente enfermo, y su libro, olvidado. Su legado fue descubierto por sus herederos, quienes al abrir su preciado libro, comprendieron que se hallaban ante un tesoro de conocimientos para ser descubiertos y compartidos por todos.<\/p>\n[\/vc_column_text][\/vc_column][vc_column width=\u00bb1\/6&#8243;][vc_column_text]\n[\/vc_column_text][\/vc_column][\/vc_row][vc_row type=\u00bbfull_width_background\u00bb bg_position=\u00bbleft top\u00bb bg_repeat=\u00bbno-repeat\u00bb bg_color=\u00bb#cbcbcb\u00bb scene_position=\u00bbcenter\u00bb text_color=\u00bbdark\u00bb text_align=\u00bbcenter\u00bb top_padding=\u00bb50&#8243; bottom_padding=\u00bb50&#8243;][vc_column width=\u00bb1\/6&#8243;][vc_column_text]\n[\/vc_column_text][\/vc_column][vc_column width=\u00bb2\/3&#8243;][vc_column_text]\n<p style=\"color: #86754d; text-align: center;\">HOY, LA MARCA ST\u00c4BZ RESURGE CON LA FILOSOF\u00cdA DE HENRY,<br \/>\nUNIDA A LAS M\u00c1S MODERNAS T\u00c9CNICAS DE ELABORACI\u00d3N PROPIAS DE CADA LUGAR<br \/>\nDONDE EL PRODUCTO ES FABRICADO. EL SECRETO DE SUS RECETAS REVIVE HOY.<\/p>\n<p style=\"color: #86754d; text-align: center;\">TE INVITAMOS A DESCUBRIRLO&#8230;<\/p>\n<hr style=\"border: 0; border-top: 1px solid #86754d; height: 0; margin-top: 25px; margin-bottom: 50px;\" \/>\n<p><img loading=\"lazy\" decoding=\"async\" class=\"alignnone size-medium wp-image-140\" src=\"https:\/\/stabz.com\/wp-content\/uploads\/2014\/11\/historia_manos-300x204.png\" alt=\"historia_manos\" width=\"300\" height=\"204\" \/><\/p>\n<h2 style=\"color: #86754d; line-height: 1.2em; font-weight: bold; font-size: 35px; text-align: center; margin-top: 25px;\">TENEMOS LA LLAVE.<br \/>\nTENEMOS EL CONOCIMIENTO.<br \/>\nTENEMOS EL SABOR.<br \/>\nSOMOS ST\u00c4BZ.<\/h2>\n[\/vc_column_text][\/vc_column][vc_column width=\u00bb1\/6&#8243;][vc_column_text]\n[\/vc_column_text][\/vc_column][\/vc_row]","protected":false},"excerpt":{"rendered":"<p>[vc_row][vc_column width=\u00bb1\/1&#8243;][\/vc_column][\/vc_row][vc_row type=\u00bbfull_width_background\u00bb bg_position=\u00bbleft top\u00bb bg_repeat=\u00bbno-repeat\u00bb bg_color=\u00bb#2e2e34&#8243; scene_position=\u00bbcenter\u00bb text_color=\u00bbdark\u00bb text_align=\u00bbleft\u00bb top_padding=\u00bb50&#8243; bottom_padding=\u00bb50&#8243;][vc_column width=\u00bb1\/6&#8243;][vc_column_text] [\/vc_column_text][\/vc_column][vc_column width=\u00bb2\/3&#8243;][vc_column_text] A COMIENZOS DEL SIGLO PASADO, UN JOVEN INTR\u00c9PIDO SE EMBARC\u00d3 EN UNA B\u00daSQUEDA QUE LO&#8230;<\/p>\n","protected":false},"author":1,"featured_media":0,"parent":0,"menu_order":0,"comment_status":"open","ping_status":"open","template":"","meta":{"footnotes":""},"class_list":["post-18","page","type-page","status-publish","hentry"],"_links":{"self":[{"href":"https:\/\/stabz.com\/es\/wp-json\/wp\/v2\/pages\/18","targetHints":{"allow":["GET"]}}],"collection":[{"href":"https:\/\/stabz.com\/es\/wp-json\/wp\/v2\/pages"}],"about":[{"href":"https:\/\/stabz.com\/es\/wp-json\/wp\/v2\/types\/page"}],"author":[{"embeddable":true,"href":"https:\/\/stabz.com\/es\/wp-json\/wp\/v2\/users\/1"}],"replies":[{"embeddable":true,"href":"https:\/\/stabz.com\/es\/wp-json\/wp\/v2\/comments?post=18"}],"version-history":[{"count":0,"href":"https:\/\/stabz.com\/es\/wp-json\/wp\/v2\/pages\/18\/revisions"}],"wp:attachment":[{"href":"https:\/\/stabz.com\/es\/wp-json\/wp\/v2\/media?parent=18"}],"curies":[{"name":"wp","href":"https:\/\/api.w.org\/{rel}","templated":true}]}}