{"id":16,"date":"2014-11-05T12:55:44","date_gmt":"2014-11-05T15:55:44","guid":{"rendered":"https:\/\/stabz.com\/?page_id=16"},"modified":"2015-10-01T12:34:18","modified_gmt":"2015-10-01T15:34:18","slug":"dulce-de-leche","status":"publish","type":"page","link":"https:\/\/stabz.com\/es\/dulce-de-leche\/","title":{"rendered":"Dulce de Leche"},"content":{"rendered":"[vc_row][vc_column width=\u00bb1\/1&#8243;]<div style=\"height: 415px\" data-midnight=\"nectar-slider\" class=\"parallax_slider_outer \"><div style=\"height: 415px\"  data-transition=\"fade\" data-overall_style=\"classic\" data-flexible-height=\"true\" data-animate-in-effect=\"none\" data-fullscreen=\"false\" data-button-sizing=\"regular\" data-button-styling=\"btn_with_count\" data-autorotate=\"\" data-parallax=\"true\" data-full-width=\"true\" class=\"nectar-slider-wrap \" id=\"ns-id-69f37e9d59330\">\r\n\t\t\t<div style=\"height: 415px\" class=\"swiper-container\"  data-tho=\"auto\" data-tco=\"auto\" data-pho=\"auto\" data-pco=\"auto\" data-loop=\"false\" data-height=\"415\" data-min-height=\"250\" data-arrows=\"false\" data-bullets=\"false\" data-bullet_style=\"see_through\" data-desktop-swipe=\"false\" data-settings=\"\">\r\n\t\t\t\t    <div class=\"swiper-wrapper\"><div class=\"swiper-slide\" data-bg-alignment=\"center\" data-color-scheme=\"light\" data-x-pos=\"left\" data-y-pos=\"middle\"> \r\n\t\t\t\t\t\t\t\t<div class=\"image-bg\" style=\"background-image: url(https:\/\/stabz.com\/wp-content\/uploads\/2014\/11\/dulcedeleche_encabezado.jpg);\"> &nbsp; <\/div><div class=\"container\">\r\n\t\t\t\t\t\t\t\t\t<div class=\"content\"><p  ><span><img decoding=\"async\" src=\"https:\/\/stabz.com\/wp-content\/uploads\/2014\/11\/dulcedeleche_txt.png\" alt=\"\" \/><\/span><\/p><\/div>\r\n\t\t\t\t\t\t\t\t<\/div><!--\/container--><div class=\"video-texture \"> <span class=\"ie-fix\"><\/span> <\/div><\/div><!--\/swiper-slide--><\/div><div class=\"nectar-slider-loading \"> <span class=\"loading-icon \">   <\/span> <\/div> <\/div> \r\n\t\t\t\t\r\n\t\t\t<\/div><\/div>[\/vc_column][\/vc_row][vc_row type=\u00bbfull_width_background\u00bb bg_position=\u00bbleft top\u00bb bg_repeat=\u00bbno-repeat\u00bb bg_color=\u00bb#2e2e34&#8243; scene_position=\u00bbcenter\u00bb text_color=\u00bbdark\u00bb text_align=\u00bbleft\u00bb top_padding=\u00bb50&#8243; bottom_padding=\u00bb25&#8243;][vc_column width=\u00bb1\/3&#8243; animation=\u00bbfade-in\u00bb column_padding=\u00bbno-extra-padding\u00bb column_padding_position=\u00bball\u00bb background_color_opacity=\u00bb1&#8243;][vc_column_text]\n<p><img loading=\"lazy\" decoding=\"async\" class=\"size-medium wp-image-207 aligncenter\" style=\"margin-top: 0px;\" src=\"https:\/\/stabz.com\/wp-content\/uploads\/2014\/11\/dulcedeleche_img-300x297.png\" alt=\"dulcedeleche_img\" width=\"300\" height=\"297\" \/><\/p>\n[\/vc_column_text][\/vc_column][vc_column width=\u00bb2\/3&#8243; animation=\u00bbfade-in\u00bb column_padding=\u00bbno-extra-padding\u00bb column_padding_position=\u00bball\u00bb background_color_opacity=\u00bb1&#8243;][vc_column_text]<span style=\"color: #86754d; font-family: Libre Baskerville !important;\"><strong>DULCE DE LECHE<\/strong><\/span><br \/>\n<span style=\"color: #86754d; font-style: italic; font-family: Libre Baskerville !important;\"><br \/>\nEl dulce de leche es una delicia simplemente inigualable, y es 100% argentina. En otros pa\u00edses existen dulces similares, como el arequipe, el manjar blanco, la cajeta o el caramel, pero no se comparan con el rico y tentador sabor del aut\u00e9ntico dulce de leche. Su origen es discutido, ya que pa\u00edses como Brasil o Uruguay afirman ser sus inventores. Sin embargo la leyenda se hace historia la tarde del 11 de Octubre de 1829, cuando deb\u00edan reunirse para la firma de un acuerdo de paz Juan Manuel de Rosas y su oponente pol\u00edtico y primo hermano, Juan Lavalle, en la estancia del primero. La criada se encontraba cocinando la lechada (leche caliente con az\u00facar) que Rosas gustaba de tomar junto con el tradicional mate, cuando el General Lavalle arrib\u00f3 a la estancia, y al no encontrar al due\u00f1o, decidi\u00f3 dormir una siesta para recuperarse de su agotador viaje. La criada, al descubrir a Lavalle durmiendo en el catre de su amo, fue a llamar a los guardias para que lo echaran, descuidando la lechada en el fuego, que continu\u00f3 cocin\u00e1ndose. En ese preciso momento, Rosas lleg\u00f3 a su estancia evitando que despertaran Lavalle, a quien consideraba su hermano de leche por haber sido amamantados por la misma nodriza. Cuando la criada regres\u00f3 al fuego, descubri\u00f3 que la lechada se hab\u00eda convertido en una mezcla espesa y amarronada. Con temor, confes\u00f3 a Rosas lo sucedido, y \u00e9l en vez de enfadarse quiso probar la novedosa pasta. Fue tanto lo que le gust\u00f3 que luego la comparti\u00f3 con Lavalle durante la firma del acuerdo. Ese d\u00eda nac\u00eda, por accidente, el dulce de leche. Doscientos a\u00f1os despu\u00e9s, esta maravilla culinaria es disfrutada por millones alrededor del mundo, y desde el 2003 forma parte del \u201cPatrimonio Cultural Alimentario y Gastron\u00f3mico Argentino\u201d.<\/span><br \/>\n<span style=\"color: #86754d; font-style: italic; font-family: Libre Baskerville !important;\"><br \/>\nEn <strong>St\u00e4bz<\/strong>, nuestra pasi\u00f3n por el sabor llega a su m\u00e1xima expresi\u00f3n en el dulce de leche. Honrando la filosof\u00eda del fundador de nuestra compa\u00f1\u00eda, <strong>Henry Stabholz<\/strong>, de manufacturar los mejores productos t\u00edpicos de cada pa\u00eds, hemos desarrollado un producto de la m\u00e1s alta calidad y de sabor insuperable. Tras a\u00f1os de investigaci\u00f3n y experiencia, combinando tradici\u00f3n repostera e innovaci\u00f3n tecnol\u00f3gica, logramos un dulce de leche \u00fanico y exquisito. Manufacturado con las mejores leches de las pampas argentinas, nuestro dulce de leche posee una textura brillosa, es blando, sedoso, de sabor intenso, con el dulzor exacto, sin llegar a empalagar. Es el acompa\u00f1amiento ideal para desayunos, meriendas, postres, facturas, tortas, panqueques&#8230; Es un manjar que va con todo! De un sabor tan atrapante que dan ganas de comerlo a cucharadas! Te invitamos a descubrir nuestro secreto y deleitarte con nuestra pasi\u00f3n!<\/span><\/p>\n<hr style=\"border: 0; border-top: 1px solid #86754d; height: 0; margin-top: -10px; margin-bottom: 0;\" \/>\n<p><span style=\"color: #86754d;\"><br \/>\n<strong>PRESENTACI\u00d3N:<\/strong> Frascos de 450g<\/span>[\/vc_column_text][\/vc_column][\/vc_row][vc_row type=\u00bbfull_width_background\u00bb bg_position=\u00bbleft top\u00bb bg_repeat=\u00bbno-repeat\u00bb bg_color=\u00bb#2e2e34&#8243; scene_position=\u00bbcenter\u00bb text_color=\u00bbdark\u00bb text_align=\u00bbleft\u00bb top_padding=\u00bb0&#8243; bottom_padding=\u00bb50&#8243;][vc_column width=\u00bb1\/1&#8243; animation=\u00bbnone\u00bb column_padding=\u00bbno-extra-padding\u00bb column_padding_position=\u00bball\u00bb background_color_opacity=\u00bb1&#8243;][vc_column_text]\n<hr style=\"border: 0; border-top: 1px solid #86754d; height: 0;\" \/>\n<p><span style=\"color: #86754d; font-family: Libre Baskerville !important;\"><strong>MIRA NUESTROS PRODUCTOS<\/strong><\/span>[\/vc_column_text][vc_row_inner][vc_column_inner width=\u00bb1\/3&#8243; animation=\u00bbfade-in\u00bb column_padding=\u00bbno-extra-padding\u00bb column_padding_position=\u00bball\u00bb][vc_column_text]<a href=\"https:\/\/stabz.com\/dulce-de-leche\/\"><img loading=\"lazy\" decoding=\"async\" class=\"size-full wp-image-266 aligncenter\" src=\"https:\/\/stabz.com\/wp-content\/uploads\/2014\/11\/dulcedeleche_banner.jpg\" alt=\"dulcedeleche_banner\" width=\"600\" height=\"414\" \/><\/a><\/p>\n<h3 style=\"color: #86754d; margin-top: -10px; margin-bottom: 0px;\"><strong>ARGENTINA<\/strong><\/h3>\n<p><span style=\"color: #86754d;\">El secreto del Dulce Argentino<\/span><\/p>\n<hr style=\"border: 0; border-top: 1px solid #86754d; height: 0; margin-top: -10px; margin-bottom: 15px;\" \/>\n<p><span style=\"color: #86754d; font-style: italic; font-family: Libre Baskerville !important;\">Encontramos el secreto de una de las grandes tradiciones argentinas. Un sabor puro en medio de las llanuras pampeanas.<\/span><\/p>\n<hr style=\"border: 0; border-top: 1px solid #86754d; height: 0; margin-top: -10px;\" \/>\n[\/vc_column_text][\/vc_column_inner][vc_column_inner width=\u00bb1\/3&#8243; animation=\u00bbnone\u00bb column_padding=\u00bbno-extra-padding\u00bb column_padding_position=\u00bball\u00bb][vc_column_text]<a href=\"https:\/\/stabz.com\/trufas\/\"><img loading=\"lazy\" decoding=\"async\" class=\"size-full wp-image-267 aligncenter\" src=\"https:\/\/stabz.com\/wp-content\/uploads\/2014\/11\/trufas_banner.jpg\" alt=\"trufas_banner\" width=\"600\" height=\"414\" \/><\/a><\/p>\n<h3 style=\"color: #86754d; margin-top: -10px; margin-bottom: 0px;\"><strong>FRANCIA<\/strong><\/h3>\n<p><span style=\"color: #86754d;\">La delicia de las trufas Francesas<\/span><\/p>\n<hr style=\"border: 0; border-top: 1px solid #86754d; height: 0; margin-top: -10px; margin-bottom: 15px;\" \/>\n<p><span style=\"color: #86754d; font-style: italic; font-family: Libre Baskerville !important;\">La calidad y exquisitez de Francia est\u00e1n en cada trufa, que nos invita a un recorrido por su historia y sus secretos m\u00e1s profundos.<\/span><\/p>\n<hr style=\"border: 0; border-top: 1px solid #86754d; height: 0; margin-top: -10px;\" \/>\n[\/vc_column_text][\/vc_column_inner][vc_column_inner width=\u00bb1\/3&#8243; animation=\u00bbnone\u00bb column_padding=\u00bbno-extra-padding\u00bb column_padding_position=\u00bball\u00bb][vc_column_text]<a href=\"https:\/\/stabz.com\/chocolate\/\"><img loading=\"lazy\" decoding=\"async\" class=\"size-full wp-image-268 aligncenter\" src=\"https:\/\/stabz.com\/wp-content\/uploads\/2014\/11\/chocolate_banner.jpg\" alt=\"chocolate_banner\" width=\"600\" height=\"414\" \/><\/a><\/p>\n<h3 style=\"color: #86754d; margin-top: -10px; margin-bottom: 0px;\"><strong>SUIZA<\/strong><\/h3>\n<p><span style=\"color: #86754d;\">La perfecci\u00f3n del Chocolote Suizo<\/span><\/p>\n<hr style=\"border: 0; border-top: 1px solid #86754d; height: 0; margin-top: -10px; margin-bottom: 15px;\" \/>\n<p><span style=\"color: #86754d; font-style: italic; font-family: Libre Baskerville !important;\">La perfecci\u00f3n de la cultura Suiza y la b\u00fasqueda de un sabor inigualable nos llevaron a un chocolate sublime.<\/span><\/p>\n<hr style=\"border: 0; border-top: 1px solid #86754d; height: 0; margin-top: -10px;\" \/>\n[\/vc_column_text][\/vc_column_inner][\/vc_row_inner][\/vc_column][\/vc_row]","protected":false},"excerpt":{"rendered":"<p>[vc_row][vc_column width=\u00bb1\/1&#8243;][\/vc_column][\/vc_row][vc_row type=\u00bbfull_width_background\u00bb bg_position=\u00bbleft top\u00bb bg_repeat=\u00bbno-repeat\u00bb bg_color=\u00bb#2e2e34&#8243; scene_position=\u00bbcenter\u00bb text_color=\u00bbdark\u00bb text_align=\u00bbleft\u00bb top_padding=\u00bb50&#8243; bottom_padding=\u00bb25&#8243;][vc_column width=\u00bb1\/3&#8243; animation=\u00bbfade-in\u00bb column_padding=\u00bbno-extra-padding\u00bb column_padding_position=\u00bball\u00bb background_color_opacity=\u00bb1&#8243;][vc_column_text] [\/vc_column_text][\/vc_column][vc_column width=\u00bb2\/3&#8243; animation=\u00bbfade-in\u00bb column_padding=\u00bbno-extra-padding\u00bb column_padding_position=\u00bball\u00bb background_color_opacity=\u00bb1&#8243;][vc_column_text]DULCE DE LECHE El dulce de leche es&#8230;<\/p>\n","protected":false},"author":1,"featured_media":0,"parent":0,"menu_order":0,"comment_status":"open","ping_status":"open","template":"","meta":{"footnotes":""},"class_list":["post-16","page","type-page","status-publish","hentry"],"_links":{"self":[{"href":"https:\/\/stabz.com\/es\/wp-json\/wp\/v2\/pages\/16","targetHints":{"allow":["GET"]}}],"collection":[{"href":"https:\/\/stabz.com\/es\/wp-json\/wp\/v2\/pages"}],"about":[{"href":"https:\/\/stabz.com\/es\/wp-json\/wp\/v2\/types\/page"}],"author":[{"embeddable":true,"href":"https:\/\/stabz.com\/es\/wp-json\/wp\/v2\/users\/1"}],"replies":[{"embeddable":true,"href":"https:\/\/stabz.com\/es\/wp-json\/wp\/v2\/comments?post=16"}],"version-history":[{"count":0,"href":"https:\/\/stabz.com\/es\/wp-json\/wp\/v2\/pages\/16\/revisions"}],"wp:attachment":[{"href":"https:\/\/stabz.com\/es\/wp-json\/wp\/v2\/media?parent=16"}],"curies":[{"name":"wp","href":"https:\/\/api.w.org\/{rel}","templated":true}]}}