{"id":12,"date":"2014-11-05T12:55:15","date_gmt":"2014-11-05T15:55:15","guid":{"rendered":"https:\/\/stabz.com\/?page_id=12"},"modified":"2015-10-01T12:24:51","modified_gmt":"2015-10-01T15:24:51","slug":"chocolate","status":"publish","type":"page","link":"https:\/\/stabz.com\/es\/chocolate\/","title":{"rendered":"Chocolate"},"content":{"rendered":"[vc_row][vc_column width=\u00bb1\/1&#8243;]<div style=\"height: 415px\" data-midnight=\"nectar-slider\" class=\"parallax_slider_outer \"><div style=\"height: 415px\"  data-transition=\"fade\" data-overall_style=\"classic\" data-flexible-height=\"true\" data-animate-in-effect=\"none\" data-fullscreen=\"false\" data-button-sizing=\"regular\" data-button-styling=\"btn_with_count\" data-autorotate=\"\" data-parallax=\"true\" data-full-width=\"true\" class=\"nectar-slider-wrap \" id=\"ns-id-69ef69450b5f9\">\r\n\t\t\t<div style=\"height: 415px\" class=\"swiper-container\"  data-tho=\"auto\" data-tco=\"auto\" data-pho=\"auto\" data-pco=\"auto\" data-loop=\"false\" data-height=\"415\" data-min-height=\"250\" data-arrows=\"false\" data-bullets=\"false\" data-bullet_style=\"see_through\" data-desktop-swipe=\"false\" data-settings=\"\">\r\n\t\t\t\t    <div class=\"swiper-wrapper\"><div class=\"swiper-slide\" data-bg-alignment=\"center\" data-color-scheme=\"light\" data-x-pos=\"left\" data-y-pos=\"middle\"> \r\n\t\t\t\t\t\t\t\t<div class=\"image-bg\" style=\"background-image: url(https:\/\/stabz.com\/wp-content\/uploads\/2014\/11\/chocolate_encabezado.jpg);\"> &nbsp; <\/div><div class=\"container\">\r\n\t\t\t\t\t\t\t\t\t<div class=\"content\"><p  ><span><img decoding=\"async\" src=\"https:\/\/stabz.com\/wp-content\/uploads\/2014\/11\/chocolate_txt.png\" alt=\"\" \/><\/span><\/p><\/div>\r\n\t\t\t\t\t\t\t\t<\/div><!--\/container--><div class=\"video-texture \"> <span class=\"ie-fix\"><\/span> <\/div><\/div><!--\/swiper-slide--><\/div><div class=\"nectar-slider-loading \"> <span class=\"loading-icon \">   <\/span> <\/div> <\/div> \r\n\t\t\t\t\r\n\t\t\t<\/div><\/div>[\/vc_column][\/vc_row][vc_row type=\u00bbfull_width_background\u00bb bg_position=\u00bbleft top\u00bb bg_repeat=\u00bbno-repeat\u00bb bg_color=\u00bb#86754d\u00bb scene_position=\u00bbcenter\u00bb text_color=\u00bbdark\u00bb text_align=\u00bbleft\u00bb top_padding=\u00bb50&#8243; bottom_padding=\u00bb25&#8243;][vc_column width=\u00bb1\/2&#8243; animation=\u00bbnone\u00bb column_padding=\u00bbno-extra-padding\u00bb column_padding_position=\u00bball\u00bb background_color_opacity=\u00bb1&#8243;][vc_column_text]\n<div class=\"lshowcase-clear-both\">&nbsp;<\/div><div class=\"lshowcase-logos\"><div style='display:none;' class='lshowcase-wrap-carousel-0' ><div class=\"lshowcase-slide\"><img src='https:\/\/stabz.com\/wp-content\/uploads\/2014\/11\/chocolate_slide1.png' width='520'  height = '320'  alt='' title='Chocolate1' class='lshowcase-normal' \/><\/div><div class=\"lshowcase-slide\"><img src='https:\/\/stabz.com\/wp-content\/uploads\/2014\/11\/chocolate_slide2.png' width='520'  height = '320'  alt='' title='Chocolate2' class='lshowcase-normal' \/><\/div><\/div><\/div><div class=\"lshowcase-clear-both\">&nbsp;<\/div>\n[\/vc_column_text][\/vc_column][vc_column width=\u00bb1\/2&#8243;][vc_column_text]<span style=\"color: #2e2e34; font-family: Libre Baskerville !important;\"><strong>L\u00cdNEA PREMIUM<\/strong><\/span><br \/>\n<span style=\"color: #2e2e34; font-style: italic; font-family: Libre Baskerville !important;\"><br \/>\nUn trozo de chocolate encierra un mundo de leyendas, historia y magia. Los Mayas fueron la primera civilizaci\u00f3n en utilizar las semillas del cacao para elaborar xocol\u0101tl, un brebaje rojizo y amargo, especiado y picante. Considerado un regalo de su dios Kukulk\u00e1n, su uso estaba reservado a las clases m\u00e1s elevadas para celebraciones y rituales religiosos. Cre\u00edan que este alimento estimulante proporcionaba sabidur\u00eda y vigor, calmaba el hambre y la sed, y pose\u00eda virtudes medicinales y afrodis\u00edacas. Los Aztecas mantuvieron esta tradici\u00f3n, siendo una bebida exclusiva de reyes y nobles. La leyenda cuenta que Moctezuma, el \u00faltimo emperador azteca, gustaba de beber el chocolate diluido en agua, en una copa de oro. Es en Europa, introducido por los espa\u00f1oles, donde el proceso del chocolate se refina, y pasar\u00e1n siglos hasta obtener el exquisito chocolate que actualmente disfrutamos. Hoy la ciencia nos confirma lo que culturas milenarias ya sab\u00edan, que este alimento posee beneficios tanto para la salud, como para el coraz\u00f3n y el alma. Es sin duda un regalo divino que desde hace siglos nos hace felices.<\/span><br \/>\n<span style=\"color: #2e2e34; font-style: italic; font-family: Libre Baskerville !important;\"><br \/>\nEn <strong>St\u00e4bz<\/strong> lo mejor de los mundos se unen para crear un chocolate de m\u00e1xima calidad y perfecci\u00f3n. Mediante un proceso \u00fanico, que hace aflorar las mejores virtudes y sabores del cacao, <strong>St\u00e4bz<\/strong> confecciona sus exquisitas tabletas de chocolate con las m\u00e1s finas materias primas, siguiendo la receta secreta de <strong>Henry Stabholz<\/strong>. A\u00f1os de b\u00fasqueda, investigaci\u00f3n y pasi\u00f3n llevaron al fundador de la compa\u00f1\u00eda a lograr un chocolate sutil, penetrante, complejo. Perfecto. En <strong>St\u00e4bz<\/strong> celebramos el placer y honramos las virtudes de este noble alimento. Te invitamos a descubrir el m\u00e1gico secreto contenido en el coraz\u00f3n de nuestros chocolates.<\/span><\/p>\n<hr style=\"border: 0; border-top: 1px solid #2e2e34; height: 0; margin-top: -10px; margin-bottom: 0;\" \/>\n<p><span style=\"color: #2e2e34;\"><br \/>\n<strong>PRESENTACI\u00d3N:<\/strong> Tabletas de 100g<br \/>\n<strong>SABORES:<\/strong> Avellanas, Leche Suiza, Crocante, 72% puro cacao.<\/span>[\/vc_column_text][\/vc_column][\/vc_row][vc_row type=\u00bbfull_width_background\u00bb bg_position=\u00bbleft top\u00bb bg_repeat=\u00bbno-repeat\u00bb bg_color=\u00bb#2e2e34&#8243; scene_position=\u00bbcenter\u00bb text_color=\u00bbdark\u00bb text_align=\u00bbleft\u00bb top_padding=\u00bb25&#8243; bottom_padding=\u00bb50&#8243;][vc_column width=\u00bb1\/1&#8243; animation=\u00bbnone\u00bb column_padding=\u00bbno-extra-padding\u00bb column_padding_position=\u00bball\u00bb background_color_opacity=\u00bb1&#8243;][vc_column_text]\n<hr style=\"border: 0; border-top: 1px solid #86754d; height: 0;\" \/>\n<p><span style=\"color: #86754d; font-family: Libre Baskerville !important;\"><strong>MIRA NUESTROS PRODUCTOS<\/strong><\/span>[\/vc_column_text][vc_row_inner][vc_column_inner width=\u00bb1\/3&#8243; animation=\u00bbfade-in\u00bb column_padding=\u00bbno-extra-padding\u00bb column_padding_position=\u00bball\u00bb][vc_column_text]<a href=\"https:\/\/stabz.com\/dulce-de-leche\/\"><img loading=\"lazy\" decoding=\"async\" class=\"size-full wp-image-266 aligncenter\" src=\"https:\/\/stabz.com\/wp-content\/uploads\/2014\/11\/dulcedeleche_banner.jpg\" alt=\"dulcedeleche_banner\" width=\"600\" height=\"414\" \/><\/a><\/p>\n<h3 style=\"color: #86754d; margin-top: -10px; margin-bottom: 0px;\"><strong>ARGENTINA<\/strong><\/h3>\n<p><span style=\"color: #86754d;\">El secreto del Dulce Argentino<\/span><\/p>\n<hr style=\"border: 0; border-top: 1px solid #86754d; height: 0; margin-top: -10px; margin-bottom: 15px;\" \/>\n<p><span style=\"color: #86754d; font-style: italic; font-family: Libre Baskerville !important;\">Encontramos el secreto de una de las grandes tradiciones argentinas. Un sabor puro en medio de las llanuras pampeanas.<\/span><\/p>\n<hr style=\"border: 0; border-top: 1px solid #86754d; height: 0; margin-top: -10px;\" \/>\n[\/vc_column_text][\/vc_column_inner][vc_column_inner width=\u00bb1\/3&#8243; animation=\u00bbnone\u00bb column_padding=\u00bbno-extra-padding\u00bb column_padding_position=\u00bball\u00bb][vc_column_text]<a href=\"https:\/\/stabz.com\/trufas\/\"><img loading=\"lazy\" decoding=\"async\" class=\"size-full wp-image-267 aligncenter\" src=\"https:\/\/stabz.com\/wp-content\/uploads\/2014\/11\/trufas_banner.jpg\" alt=\"trufas_banner\" width=\"600\" height=\"414\" \/><\/a><\/p>\n<h3 style=\"color: #86754d; margin-top: -10px; margin-bottom: 0px;\"><strong>FRANCIA<\/strong><\/h3>\n<p><span style=\"color: #86754d;\">La delicia de las trufas Francesas<\/span><\/p>\n<hr style=\"border: 0; border-top: 1px solid #86754d; height: 0; margin-top: -10px; margin-bottom: 15px;\" \/>\n<p><span style=\"color: #86754d; font-style: italic; font-family: Libre Baskerville !important;\">La calidad y exquisitez de Francia est\u00e1n en cada trufa, que nos invita a un recorrido por su historia y sus secretos m\u00e1s profundos.<\/span><\/p>\n<hr style=\"border: 0; border-top: 1px solid #86754d; height: 0; margin-top: -10px;\" \/>\n[\/vc_column_text][\/vc_column_inner][vc_column_inner width=\u00bb1\/3&#8243; animation=\u00bbnone\u00bb column_padding=\u00bbno-extra-padding\u00bb column_padding_position=\u00bball\u00bb][vc_column_text]<a href=\"https:\/\/stabz.com\/chocolate\/\"><img loading=\"lazy\" decoding=\"async\" class=\"size-full wp-image-268 aligncenter\" src=\"https:\/\/stabz.com\/wp-content\/uploads\/2014\/11\/chocolate_banner.jpg\" alt=\"chocolate_banner\" width=\"600\" height=\"414\" \/><\/a><\/p>\n<h3 style=\"color: #86754d; margin-top: -10px; margin-bottom: 0px;\"><strong>SUIZA<\/strong><\/h3>\n<p><span style=\"color: #86754d;\">La perfecci\u00f3n del Chocolote Suizo<\/span><\/p>\n<hr style=\"border: 0; border-top: 1px solid #86754d; height: 0; margin-top: -10px; margin-bottom: 15px;\" \/>\n<p><span style=\"color: #86754d; font-style: italic; font-family: Libre Baskerville !important;\">La perfecci\u00f3n de la cultura Suiza y la b\u00fasqueda de un sabor inigualable nos llevaron a un chocolate sublime.<\/span><\/p>\n<hr style=\"border: 0; border-top: 1px solid #86754d; height: 0; margin-top: -10px;\" \/>\n[\/vc_column_text][\/vc_column_inner][\/vc_row_inner][\/vc_column][\/vc_row]","protected":false},"excerpt":{"rendered":"<p>[vc_row][vc_column width=\u00bb1\/1&#8243;][\/vc_column][\/vc_row][vc_row type=\u00bbfull_width_background\u00bb bg_position=\u00bbleft top\u00bb bg_repeat=\u00bbno-repeat\u00bb bg_color=\u00bb#86754d\u00bb scene_position=\u00bbcenter\u00bb text_color=\u00bbdark\u00bb text_align=\u00bbleft\u00bb top_padding=\u00bb50&#8243; bottom_padding=\u00bb25&#8243;][vc_column width=\u00bb1\/2&#8243; animation=\u00bbnone\u00bb column_padding=\u00bbno-extra-padding\u00bb column_padding_position=\u00bball\u00bb background_color_opacity=\u00bb1&#8243;][vc_column_text] [\/vc_column_text][\/vc_column][vc_column width=\u00bb1\/2&#8243;][vc_column_text]L\u00cdNEA PREMIUM Un trozo de chocolate encierra un mundo de leyendas, historia&#8230;<\/p>\n","protected":false},"author":1,"featured_media":0,"parent":0,"menu_order":0,"comment_status":"open","ping_status":"open","template":"","meta":{"footnotes":""},"class_list":["post-12","page","type-page","status-publish","hentry"],"_links":{"self":[{"href":"https:\/\/stabz.com\/es\/wp-json\/wp\/v2\/pages\/12","targetHints":{"allow":["GET"]}}],"collection":[{"href":"https:\/\/stabz.com\/es\/wp-json\/wp\/v2\/pages"}],"about":[{"href":"https:\/\/stabz.com\/es\/wp-json\/wp\/v2\/types\/page"}],"author":[{"embeddable":true,"href":"https:\/\/stabz.com\/es\/wp-json\/wp\/v2\/users\/1"}],"replies":[{"embeddable":true,"href":"https:\/\/stabz.com\/es\/wp-json\/wp\/v2\/comments?post=12"}],"version-history":[{"count":0,"href":"https:\/\/stabz.com\/es\/wp-json\/wp\/v2\/pages\/12\/revisions"}],"wp:attachment":[{"href":"https:\/\/stabz.com\/es\/wp-json\/wp\/v2\/media?parent=12"}],"curies":[{"name":"wp","href":"https:\/\/api.w.org\/{rel}","templated":true}]}}